{"id":1685,"date":"2026-01-30T11:24:16","date_gmt":"2026-01-30T11:24:16","guid":{"rendered":"https:\/\/ardiarestaurante.com\/ambar\/"},"modified":"2026-02-18T11:53:12","modified_gmt":"2026-02-18T11:53:12","slug":"ambar","status":"publish","type":"page","link":"https:\/\/ardiarestaurante.com\/en\/ambar\/","title":{"rendered":"AMBAR"},"content":{"rendered":"\t\t<div data-elementor-type=\"wp-page\" data-elementor-id=\"1685\" class=\"elementor elementor-1685 elementor-1371\" data-elementor-post-type=\"page\">\n\t\t\t\t<div class=\"elementor-element elementor-element-0bb2099 e-flex e-con-boxed e-con e-parent\" data-id=\"0bb2099\" data-element_type=\"container\">\n\t\t\t\t\t<div class=\"e-con-inner\">\n\t\t<div class=\"elementor-element elementor-element-db2b5fb e-con-full e-flex e-con e-child\" data-id=\"db2b5fb\" data-element_type=\"container\">\n\t\t\t\t<div class=\"elementor-element elementor-element-8cb88e3 elementor-widget__width-initial elementor-widget elementor-widget-image\" data-id=\"8cb88e3\" data-element_type=\"widget\" data-widget_type=\"image.default\">\n\t\t\t\t\t\t\t\t\t\t\t\t\t\t\t<img decoding=\"async\" width=\"1\" height=\"1\" src=\"https:\/\/ardiarestaurante.com\/wp-content\/uploads\/2026\/01\/Group-481396.svg\" class=\"attachment-large size-large wp-image-1675\" alt=\"\" \/>\t\t\t\t\t\t\t\t\t\t\t\t\t\t\t<\/div>\n\t\t\t\t<\/div>\n\t\t<div class=\"elementor-element elementor-element-3ca65d8 e-con-full e-flex e-con e-child\" data-id=\"3ca65d8\" data-element_type=\"container\">\n\t\t\t\t<div class=\"elementor-element elementor-element-2ea52c6 elementor-widget__width-initial elementor-widget elementor-widget-text-editor\" data-id=\"2ea52c6\" data-element_type=\"widget\" data-widget_type=\"text-editor.default\">\n\t\t\t\t\t\t\t\t\t<p>Welcome to the <strong>\u00c2M-BAR<\/strong> experience: <span class=\"a_GcMg font-feature-liga-off font-feature-clig-off font-feature-calt-off text-decoration-none text-strikethrough-none\">A liquid journey through Spain, where you will discover the flavors, aromas and<\/span><span class=\"a_GcMg font-feature-liga-off font-feature-clig-off font-feature-calt-off text-decoration-none text-strikethrough-none\">traditions that define our identity. Each cocktail is born from the respect for the origin and the desire to reinterpret the diversity of our communities through the cocktail. A tribute to the authenticity, the product and the Spanish gastronomic culture, served in each glass.<\/span><\/p>\t\t\t\t\t\t\t\t<\/div>\n\t\t\t\t<\/div>\n\t\t\t\t\t<\/div>\n\t\t\t\t<\/div>\n\t\t<div class=\"elementor-element elementor-element-3b91d12 e-con-full e-flex e-con e-parent\" data-id=\"3b91d12\" data-element_type=\"container\">\n\t\t\t\t<div class=\"elementor-element elementor-element-3202f5f elementor-widget elementor-widget-image\" data-id=\"3202f5f\" data-element_type=\"widget\" data-widget_type=\"image.default\">\n\t\t\t\t\t\t\t\t\t\t\t\t\t\t\t<img fetchpriority=\"high\" decoding=\"async\" width=\"800\" height=\"263\" src=\"https:\/\/ardiarestaurante.com\/wp-content\/uploads\/2026\/01\/Rectangle-630-1024x336.png\" class=\"attachment-large size-large wp-image-1676\" alt=\"\" srcset=\"https:\/\/ardiarestaurante.com\/wp-content\/uploads\/2026\/01\/Rectangle-630-1024x336.png 1024w, https:\/\/ardiarestaurante.com\/wp-content\/uploads\/2026\/01\/Rectangle-630-300x99.png 300w, https:\/\/ardiarestaurante.com\/wp-content\/uploads\/2026\/01\/Rectangle-630-768x252.png 768w, https:\/\/ardiarestaurante.com\/wp-content\/uploads\/2026\/01\/Rectangle-630.png 1440w\" sizes=\"(max-width: 800px) 100vw, 800px\" \/>\t\t\t\t\t\t\t\t\t\t\t\t\t\t\t<\/div>\n\t\t\t\t<\/div>\n\t\t<div class=\"elementor-element elementor-element-cb8e941 e-flex e-con-boxed e-con e-parent\" data-id=\"cb8e941\" data-element_type=\"container\">\n\t\t\t\t\t<div class=\"e-con-inner\">\n\t\t<div class=\"elementor-element elementor-element-9d5e7b4 e-con-full e-flex e-con e-child\" data-id=\"9d5e7b4\" data-element_type=\"container\">\n\t\t<div class=\"elementor-element elementor-element-da6cd13 e-con-full e-flex e-con e-child\" data-id=\"da6cd13\" data-element_type=\"container\">\n\t\t\t\t<div class=\"elementor-element elementor-element-db8e209 elementor-widget elementor-widget-heading\" data-id=\"db8e209\" data-element_type=\"widget\" data-widget_type=\"heading.default\">\n\t\t\t\t\t<h2 class=\"elementor-heading-title elementor-size-default\">Liquid gastronomy<\/h2>\t\t\t\t<\/div>\n\t\t\t\t<\/div>\n\t\t\t\t<div class=\"elementor-element elementor-element-aef4fba elementor-widget elementor-widget-text-editor\" data-id=\"aef4fba\" data-element_type=\"widget\" data-widget_type=\"text-editor.default\">\n\t\t\t\t\t\t\t\t\t<p><b>\u00c2M-BAR Cocktail Floor<\/b> is born as its liquid expression: a space where the cocktail bar becomes a story and each drink becomes a journey. Its proposal respects the essence of Spain and reinterprets it from a creative point of view, inviting you to travel through its regions through a carefully selected menu of signature cocktails in which flavor, aroma and emotion are intertwined. <\/p>\t\t\t\t\t\t\t\t<\/div>\n\t\t\t\t<div class=\"elementor-element elementor-element-66d694e elementor-align-left elementor-widget elementor-widget-button\" data-id=\"66d694e\" data-element_type=\"widget\" data-widget_type=\"button.default\">\n\t\t\t\t\t\t\t\t\t\t<a class=\"elementor-button elementor-button-link elementor-size-sm\" href=\"https:\/\/www.dropbox.com\/scl\/fi\/1o37h7sr4u1bbvf00rjzo\/M-BAR-BEBIDAS.pdf?rlkey=3hpw9wd4b05ynof0exwepdyv2&#038;st=kv1q03n0&#038;dl=0\">\n\t\t\t\t\t\t<span class=\"elementor-button-content-wrapper\">\n\t\t\t\t\t\t\t\t\t<span class=\"elementor-button-text\">COCKTAIL MENU<\/span>\n\t\t\t\t\t<\/span>\n\t\t\t\t\t<\/a>\n\t\t\t\t\t\t\t\t<\/div>\n\t\t\t\t<\/div>\n\t\t<div class=\"elementor-element elementor-element-37cabab e-con-full e-flex e-con e-child\" data-id=\"37cabab\" data-element_type=\"container\">\n\t\t\t\t<div class=\"elementor-element elementor-element-039c7aa elementor-skin-carousel elementor-pagination-type-bullets elementor-pagination-position-outside elementor-widget elementor-widget-media-carousel\" data-id=\"039c7aa\" data-element_type=\"widget\" data-settings=\"{&quot;slides_per_view&quot;:&quot;1&quot;,&quot;lazyload&quot;:&quot;yes&quot;,&quot;space_between&quot;:{&quot;unit&quot;:&quot;px&quot;,&quot;size&quot;:45,&quot;sizes&quot;:[]},&quot;skin&quot;:&quot;carousel&quot;,&quot;effect&quot;:&quot;slide&quot;,&quot;pagination&quot;:&quot;bullets&quot;,&quot;speed&quot;:500,&quot;loop&quot;:&quot;yes&quot;,&quot;space_between_tablet&quot;:{&quot;unit&quot;:&quot;px&quot;,&quot;size&quot;:10,&quot;sizes&quot;:[]},&quot;space_between_mobile&quot;:{&quot;unit&quot;:&quot;px&quot;,&quot;size&quot;:10,&quot;sizes&quot;:[]}}\" data-widget_type=\"media-carousel.default\">\n\t\t\t\t\t\t\t\t\t\t<div class=\"elementor-main-swiper swiper\" role=\"region\" aria-roledescription=\"carousel\" aria-label=\"Slides\">\n\t\t\t\t<div class=\"swiper-wrapper\">\n\t\t\t\t\t\t\t\t\t\t\t<div class=\"swiper-slide\" role=\"group\" aria-roledescription=\"slide\">\n\t\t\t\t\t\t\t\t\t<div class=\"elementor-carousel-image swiper-lazy\" role=\"img\" aria-label=\"Ardia Madrid20567\" data-background=\"https:\/\/ardiarestaurante.com\/wp-content\/uploads\/2026\/01\/Ardia-Madrid20567-scaled.jpg\">\n\n\t\t\t\t\t\t\t<div class=\"swiper-lazy-preloader\"><\/div>\n\t\t\t\n\t\t\t\t\t<\/div>\n\t\t\t\t\t\t\t\t<\/div>\n\t\t\t\t\t\t\t\t\t\t\t<div class=\"swiper-slide\" role=\"group\" aria-roledescription=\"slide\">\n\t\t\t\t\t\t\t\t\t<div class=\"elementor-carousel-image swiper-lazy\" role=\"img\" aria-label=\"Ardia Madrid20592\" data-background=\"https:\/\/ardiarestaurante.com\/wp-content\/uploads\/2026\/01\/Ardia-Madrid20592-scaled.jpg\">\n\n\t\t\t\t\t\t\t<div class=\"swiper-lazy-preloader\"><\/div>\n\t\t\t\n\t\t\t\t\t<\/div>\n\t\t\t\t\t\t\t\t<\/div>\n\t\t\t\t\t\t\t\t\t\t\t<div class=\"swiper-slide\" role=\"group\" aria-roledescription=\"slide\">\n\t\t\t\t\t\t\t\t\t<div class=\"elementor-carousel-image swiper-lazy\" role=\"img\" aria-label=\"Ardia Madrid20611\" data-background=\"https:\/\/ardiarestaurante.com\/wp-content\/uploads\/2026\/01\/Ardia-Madrid20611-scaled.jpg\">\n\n\t\t\t\t\t\t\t<div class=\"swiper-lazy-preloader\"><\/div>\n\t\t\t\n\t\t\t\t\t<\/div>\n\t\t\t\t\t\t\t\t<\/div>\n\t\t\t\t\t\t\t\t\t\t\t<div class=\"swiper-slide\" role=\"group\" aria-roledescription=\"slide\">\n\t\t\t\t\t\t\t\t\t<div class=\"elementor-carousel-image swiper-lazy\" role=\"img\" aria-label=\"Ardia Madrid20542\" data-background=\"https:\/\/ardiarestaurante.com\/wp-content\/uploads\/2026\/01\/Ardia-Madrid20542-scaled.jpg\">\n\n\t\t\t\t\t\t\t<div class=\"swiper-lazy-preloader\"><\/div>\n\t\t\t\n\t\t\t\t\t<\/div>\n\t\t\t\t\t\t\t\t<\/div>\n\t\t\t\t\t\t\t\t\t<\/div>\n\t\t\t\t\t\t\t\t\t\t\t\t\t\t\t\t\t\t\t\t<div class=\"swiper-pagination\"><\/div>\n\t\t\t\t\t\t\t\t\t\t\t\t<\/div>\n\t\t\t\t\t\t\t\t<\/div>\n\t\t\t\t<\/div>\n\t\t\t\t\t<\/div>\n\t\t\t\t<\/div>\n\t\t<div class=\"elementor-element elementor-element-f695593 e-flex e-con-boxed e-con e-parent\" data-id=\"f695593\" data-element_type=\"container\">\n\t\t\t\t\t<div class=\"e-con-inner\">\n\t\t<div class=\"elementor-element elementor-element-1f87376 e-con-full e-flex e-con e-child\" data-id=\"1f87376\" data-element_type=\"container\">\n\t\t<div class=\"elementor-element elementor-element-5371a56 e-con-full e-flex e-con e-child\" data-id=\"5371a56\" data-element_type=\"container\">\n\t\t\t\t<div class=\"elementor-element elementor-element-990cab0 elementor-widget elementor-widget-image\" data-id=\"990cab0\" data-element_type=\"widget\" data-widget_type=\"image.default\">\n\t\t\t\t\t\t\t\t\t\t\t\t\t\t\t<img decoding=\"async\" width=\"707\" height=\"1024\" src=\"https:\/\/ardiarestaurante.com\/wp-content\/uploads\/2026\/02\/Ardia-Madrid20520-707x1024.jpg\" class=\"attachment-large size-large wp-image-1677\" alt=\"\" srcset=\"https:\/\/ardiarestaurante.com\/wp-content\/uploads\/2026\/02\/Ardia-Madrid20520-707x1024.jpg 707w, https:\/\/ardiarestaurante.com\/wp-content\/uploads\/2026\/02\/Ardia-Madrid20520-207x300.jpg 207w, https:\/\/ardiarestaurante.com\/wp-content\/uploads\/2026\/02\/Ardia-Madrid20520-768x1113.jpg 768w, https:\/\/ardiarestaurante.com\/wp-content\/uploads\/2026\/02\/Ardia-Madrid20520-1060x1536.jpg 1060w, https:\/\/ardiarestaurante.com\/wp-content\/uploads\/2026\/02\/Ardia-Madrid20520.jpg 1413w\" sizes=\"(max-width: 707px) 100vw, 707px\" \/>\t\t\t\t\t\t\t\t\t\t\t\t\t\t\t<\/div>\n\t\t\t\t<\/div>\n\t\t<div class=\"elementor-element elementor-element-fb703a9 e-con-full e-flex e-con e-child\" data-id=\"fb703a9\" data-element_type=\"container\">\n\t\t\t\t<div class=\"elementor-element elementor-element-36ffcae elementor-widget elementor-widget-image\" data-id=\"36ffcae\" data-element_type=\"widget\" data-widget_type=\"image.default\">\n\t\t\t\t\t\t\t\t\t\t\t\t\t\t\t<img loading=\"lazy\" decoding=\"async\" width=\"800\" height=\"499\" src=\"https:\/\/ardiarestaurante.com\/wp-content\/uploads\/2026\/02\/Ardia-Madrid20555.jpg-1024x639.jpeg\" class=\"attachment-large size-large wp-image-1678\" alt=\"\" srcset=\"https:\/\/ardiarestaurante.com\/wp-content\/uploads\/2026\/02\/Ardia-Madrid20555.jpg-1024x639.jpeg 1024w, https:\/\/ardiarestaurante.com\/wp-content\/uploads\/2026\/02\/Ardia-Madrid20555.jpg-300x187.jpeg 300w, https:\/\/ardiarestaurante.com\/wp-content\/uploads\/2026\/02\/Ardia-Madrid20555.jpg-768x479.jpeg 768w, https:\/\/ardiarestaurante.com\/wp-content\/uploads\/2026\/02\/Ardia-Madrid20555.jpg.jpeg 1370w\" sizes=\"(max-width: 800px) 100vw, 800px\" \/>\t\t\t\t\t\t\t\t\t\t\t\t\t\t\t<\/div>\n\t\t\t\t<\/div>\n\t\t\t\t<\/div>\n\t\t\t\t<div class=\"elementor-element elementor-element-0cfc4f3 elementor-widget elementor-widget-spacer\" data-id=\"0cfc4f3\" data-element_type=\"widget\" data-widget_type=\"spacer.default\">\n\t\t\t\t\t\t\t<div class=\"elementor-spacer\">\n\t\t\t<div class=\"elementor-spacer-inner\"><\/div>\n\t\t<\/div>\n\t\t\t\t\t\t<\/div>\n\t\t\t\t\t<\/div>\n\t\t\t\t<\/div>\n\t\t<div class=\"elementor-element elementor-element-2f3e5a9 e-con-full e-flex e-con e-child\" data-id=\"2f3e5a9\" data-element_type=\"container\" data-settings=\"{&quot;background_background&quot;:&quot;classic&quot;}\">\n\t\t\t\t<div class=\"elementor-element elementor-element-cfa26e6 elementor-widget elementor-widget-heading\" data-id=\"cfa26e6\" data-element_type=\"widget\" data-widget_type=\"heading.default\">\n\t\t\t\t\t<h2 class=\"elementor-heading-title elementor-size-default\">Cocktails &amp; Tapas<\/h2>\t\t\t\t<\/div>\n\t\t<div class=\"elementor-element elementor-element-1fb2cb8 e-con-full e-flex e-con e-child\" data-id=\"1fb2cb8\" data-element_type=\"container\">\n\t\t\t\t<div class=\"elementor-element elementor-element-85f980c elementor-widget elementor-widget-text-editor\" data-id=\"85f980c\" data-element_type=\"widget\" data-widget_type=\"text-editor.default\">\n\t\t\t\t\t\t\t\t\t<p data-start=\"69\" data-end=\"292\"><strong>\u00c2M-BAR Cocktail Floor<\/strong>, in the penthouse of the \u00c1RDIA restaurant, is redefining the night in the heart of Madrid&#8217;s Barrio de Salamanca. Impeccable drinks. A tapas menu designed for sharing. Music that sets the pulse and an energy that is contagious. Good drinking. Good table. Good vibes.        <\/p><p data-start=\"294\" data-end=\"355\"> <\/p>\t\t\t\t\t\t\t\t<\/div>\n\t\t\t\t<div class=\"elementor-element elementor-element-7f7b19c elementor-widget elementor-widget-button\" data-id=\"7f7b19c\" data-element_type=\"widget\" data-widget_type=\"button.default\">\n\t\t\t\t\t\t\t\t\t\t<a class=\"elementor-button elementor-button-link elementor-size-sm\" href=\"https:\/\/www.dropbox.com\/scl\/fi\/1o37h7sr4u1bbvf00rjzo\/M-BAR-BEBIDAS.pdf?rlkey=3hpw9wd4b05ynof0exwepdyv2&#038;st=9aq6hx19&#038;raw=1\">\n\t\t\t\t\t\t<span class=\"elementor-button-content-wrapper\">\n\t\t\t\t\t\t\t\t\t<span class=\"elementor-button-text\">DISCOVER FLAVOURS<\/span>\n\t\t\t\t\t<\/span>\n\t\t\t\t\t<\/a>\n\t\t\t\t\t\t\t\t<\/div>\n\t\t\t\t<\/div>\n\t\t\t\t<div class=\"elementor-element elementor-element-a2c6df6 elementor-skin-carousel elementor-pagination-type-bullets elementor-pagination-position-outside elementor-widget elementor-widget-media-carousel\" data-id=\"a2c6df6\" data-element_type=\"widget\" data-settings=\"{&quot;slides_per_view&quot;:&quot;4&quot;,&quot;lazyload&quot;:&quot;yes&quot;,&quot;space_between&quot;:{&quot;unit&quot;:&quot;px&quot;,&quot;size&quot;:45,&quot;sizes&quot;:[]},&quot;skin&quot;:&quot;carousel&quot;,&quot;effect&quot;:&quot;slide&quot;,&quot;pagination&quot;:&quot;bullets&quot;,&quot;speed&quot;:500,&quot;loop&quot;:&quot;yes&quot;,&quot;space_between_tablet&quot;:{&quot;unit&quot;:&quot;px&quot;,&quot;size&quot;:10,&quot;sizes&quot;:[]},&quot;space_between_mobile&quot;:{&quot;unit&quot;:&quot;px&quot;,&quot;size&quot;:10,&quot;sizes&quot;:[]}}\" data-widget_type=\"media-carousel.default\">\n\t\t\t\t\t\t\t\t\t\t<div class=\"elementor-main-swiper swiper\" role=\"region\" aria-roledescription=\"carousel\" aria-label=\"Slides\">\n\t\t\t\t<div class=\"swiper-wrapper\">\n\t\t\t\t\t\t\t\t\t\t\t<div class=\"swiper-slide\" role=\"group\" aria-roledescription=\"slide\">\n\t\t\t\t\t\t\t\t\t<div class=\"elementor-carousel-image swiper-lazy\" role=\"img\" aria-label=\"\" data-background=\"https:\/\/ardiarestaurante.com\/wp-content\/uploads\/2026\/02\/Ardia-Madrid20704.jpg\">\n\n\t\t\t\t\t\t\t<div class=\"swiper-lazy-preloader\"><\/div>\n\t\t\t\n\t\t\t\t\t<\/div>\n\t\t\t\t\t\t\t\t<\/div>\n\t\t\t\t\t\t\t\t\t\t\t<div class=\"swiper-slide\" role=\"group\" aria-roledescription=\"slide\">\n\t\t\t\t\t\t\t\t\t<div class=\"elementor-carousel-image swiper-lazy\" role=\"img\" aria-label=\"Ardia Madrid20429\" data-background=\"https:\/\/ardiarestaurante.com\/wp-content\/uploads\/2026\/01\/Ardia-Madrid20429-scaled.jpg\">\n\n\t\t\t\t\t\t\t<div class=\"swiper-lazy-preloader\"><\/div>\n\t\t\t\n\t\t\t\t\t<\/div>\n\t\t\t\t\t\t\t\t<\/div>\n\t\t\t\t\t\t\t\t\t\t\t<div class=\"swiper-slide\" role=\"group\" aria-roledescription=\"slide\">\n\t\t\t\t\t\t\t\t\t<div class=\"elementor-carousel-image swiper-lazy\" role=\"img\" aria-label=\"Ardia Madrid20516\" data-background=\"https:\/\/ardiarestaurante.com\/wp-content\/uploads\/2026\/02\/Ardia-Madrid20516.jpg\">\n\n\t\t\t\t\t\t\t<div class=\"swiper-lazy-preloader\"><\/div>\n\t\t\t\n\t\t\t\t\t<\/div>\n\t\t\t\t\t\t\t\t<\/div>\n\t\t\t\t\t\t\t\t\t\t\t<div class=\"swiper-slide\" role=\"group\" aria-roledescription=\"slide\">\n\t\t\t\t\t\t\t\t\t<div class=\"elementor-carousel-image swiper-lazy\" role=\"img\" aria-label=\"Ardia Madrid20391\" data-background=\"https:\/\/ardiarestaurante.com\/wp-content\/uploads\/2026\/02\/Ardia-Madrid20391.jpg\">\n\n\t\t\t\t\t\t\t<div class=\"swiper-lazy-preloader\"><\/div>\n\t\t\t\n\t\t\t\t\t<\/div>\n\t\t\t\t\t\t\t\t<\/div>\n\t\t\t\t\t\t\t\t\t\t\t<div class=\"swiper-slide\" role=\"group\" aria-roledescription=\"slide\">\n\t\t\t\t\t\t\t\t\t<div class=\"elementor-carousel-image swiper-lazy\" role=\"img\" aria-label=\"\" data-background=\"https:\/\/ardiarestaurante.com\/wp-content\/uploads\/2026\/02\/Ardia-Madrid20641.jpg\">\n\n\t\t\t\t\t\t\t<div class=\"swiper-lazy-preloader\"><\/div>\n\t\t\t\n\t\t\t\t\t<\/div>\n\t\t\t\t\t\t\t\t<\/div>\n\t\t\t\t\t\t\t\t\t\t\t<div class=\"swiper-slide\" role=\"group\" aria-roledescription=\"slide\">\n\t\t\t\t\t\t\t\t\t<div class=\"elementor-carousel-image swiper-lazy\" role=\"img\" aria-label=\"\" data-background=\"https:\/\/ardiarestaurante.com\/wp-content\/uploads\/2026\/02\/Ardia-Madrid20693.jpg\">\n\n\t\t\t\t\t\t\t<div class=\"swiper-lazy-preloader\"><\/div>\n\t\t\t\n\t\t\t\t\t<\/div>\n\t\t\t\t\t\t\t\t<\/div>\n\t\t\t\t\t\t\t\t\t\t\t<div class=\"swiper-slide\" role=\"group\" aria-roledescription=\"slide\">\n\t\t\t\t\t\t\t\t\t<div class=\"elementor-carousel-image swiper-lazy\" role=\"img\" aria-label=\"IMG_0373\" data-background=\"https:\/\/ardiarestaurante.com\/wp-content\/uploads\/2026\/02\/IMG_0373-scaled.jpeg\">\n\n\t\t\t\t\t\t\t<div class=\"swiper-lazy-preloader\"><\/div>\n\t\t\t\n\t\t\t\t\t<\/div>\n\t\t\t\t\t\t\t\t<\/div>\n\t\t\t\t\t\t\t\t\t<\/div>\n\t\t\t\t\t\t\t\t\t\t\t\t\t\t\t\t\t\t\t\t<div class=\"swiper-pagination\"><\/div>\n\t\t\t\t\t\t\t\t\t\t\t\t<\/div>\n\t\t\t\t\t\t\t\t<\/div>\n\t\t\t\t<\/div>\n\t\t<div class=\"elementor-element elementor-element-0725a42 e-flex e-con-boxed e-con e-parent\" data-id=\"0725a42\" data-element_type=\"container\" data-settings=\"{&quot;background_background&quot;:&quot;classic&quot;}\">\n\t\t\t\t\t<div class=\"e-con-inner\">\n\t\t<div class=\"elementor-element elementor-element-3df1b99 e-con-full e-flex e-con e-child\" data-id=\"3df1b99\" data-element_type=\"container\">\n\t\t<div class=\"elementor-element elementor-element-63cf838 e-con-full e-flex e-con e-child\" data-id=\"63cf838\" data-element_type=\"container\">\n\t\t<div class=\"elementor-element elementor-element-786a154 e-con-full e-flex e-con e-child\" data-id=\"786a154\" data-element_type=\"container\">\n\t\t\t\t<div class=\"elementor-element elementor-element-8ee6faf elementor-widget__width-initial elementor-widget elementor-widget-text-editor\" data-id=\"8ee6faf\" data-element_type=\"widget\" data-widget_type=\"text-editor.default\">\n\t\t\t\t\t\t\t\t\t<p><b>\u00c2M-BAR Cocktail Floor<\/b> nace como su expresi\u00f3n l\u00edquida: un espacio donde la cocteler\u00eda se convierte en relato y cada copa en un viaje. Su propuesta respeta la esencia de Espa\u00f1a y la reinterpreta desde una mirada creativa, invitando a recorrer sus regiones a trav\u00e9s de una cuidada carta de c\u00f3cteles de autor en los que el sabor, el aroma y la emoci\u00f3n se entrelazan. Un lugar no solo para beber, sino un punto de encuentro donde la m\u00fasica, la luz y el car\u00e1cter de cada c\u00f3ctel prolongan el fuego de \u00c1rdia.<\/p>\t\t\t\t\t\t\t\t<\/div>\n\t\t\t\t<\/div>\n\t\t\t\t<div class=\"elementor-element elementor-element-eb526a3 elementor-widget elementor-widget-heading\" data-id=\"eb526a3\" data-element_type=\"widget\" data-widget_type=\"heading.default\">\n\t\t\t\t\t<h2 class=\"elementor-heading-title elementor-size-default\">Tradition, served in a glass<\/h2>\t\t\t\t<\/div>\n\t\t\t\t<\/div>\n\t\t\t\t<\/div>\n\t\t\t\t\t<\/div>\n\t\t\t\t<\/div>\n\t\t<div class=\"elementor-element elementor-element-092c122 e-flex e-con-boxed e-con e-parent\" data-id=\"092c122\" data-element_type=\"container\">\n\t\t\t\t\t<div class=\"e-con-inner\">\n\t\t\t\t<div class=\"elementor-element elementor-element-5f7ccc3 elementor-widget elementor-widget-video\" data-id=\"5f7ccc3\" data-element_type=\"widget\" data-settings=\"{&quot;video_type&quot;:&quot;hosted&quot;,&quot;controls&quot;:&quot;yes&quot;}\" data-widget_type=\"video.default\">\n\t\t\t\t\t\t\t<div class=\"e-hosted-video elementor-wrapper elementor-open-inline\">\n\t\t\t\t\t<video class=\"elementor-video\" src=\"https:\/\/ardiarestaurante.com\/wp-content\/uploads\/2026\/02\/AM-BAR_VideoCUT-1.mp4\" controls=\"\" preload=\"metadata\" controlsList=\"nodownload\"><\/video>\n\t\t\t\t<\/div>\n\t\t\t\t\t\t<\/div>\n\t\t\t\t\t<\/div>\n\t\t\t\t<\/div>\n\t\t<div class=\"elementor-element elementor-element-26b1fdd e-flex e-con-boxed e-con e-parent\" data-id=\"26b1fdd\" data-element_type=\"container\">\n\t\t\t\t\t<div class=\"e-con-inner\">\n\t\t<div class=\"elementor-element elementor-element-224369c e-con-full e-flex e-con e-child\" data-id=\"224369c\" data-element_type=\"container\">\n\t\t\t\t<div class=\"elementor-element elementor-element-738b06b elementor-widget elementor-widget-heading\" data-id=\"738b06b\" data-element_type=\"widget\" data-widget_type=\"heading.default\">\n\t\t\t\t\t<h2 class=\"elementor-heading-title elementor-size-default\">SCHEDULE<\/h2>\t\t\t\t<\/div>\n\t\t\t\t<\/div>\n\t\t<div class=\"elementor-element elementor-element-8e2da2e e-con-full e-flex e-con e-child\" data-id=\"8e2da2e\" data-element_type=\"container\">\n\t\t\t\t<div class=\"elementor-element elementor-element-c275104 elementor-widget__width-initial elementor-widget elementor-widget-text-editor\" data-id=\"c275104\" data-element_type=\"widget\" data-widget_type=\"text-editor.default\">\n\t\t\t\t\t\t\t\t\t<h5>Monday to Saturday<\/h5><h5>4:00 pm &#8211; 2:00 am<\/h5><h5> <\/h5><h5>LIVE DJ<\/h5><h5>Friday &amp; Saturday<\/h5><h5>9:30 pm &#8211; 1:30 am<\/h5>\t\t\t\t\t\t\t\t<\/div>\n\t\t\t\t<\/div>\n\t\t\t\t\t<\/div>\n\t\t\t\t<\/div>\n\t\t\t\t<\/div>\n\t\t","protected":false},"excerpt":{"rendered":"<p>Welcome to the \u00c2M-BAR experience: A liquid journey through Spain, where you will discover the flavors, aromas andtraditions that define our identity. Each cocktail is born from the respect for the origin and the desire to reinterpret the diversity of our communities through the cocktail. A tribute to the authenticity, the product and the Spanish [&hellip;]<\/p>\n","protected":false},"author":1,"featured_media":0,"parent":0,"menu_order":0,"comment_status":"closed","ping_status":"closed","template":"","meta":{"footnotes":""},"class_list":["post-1685","page","type-page","status-publish","hentry"],"_links":{"self":[{"href":"https:\/\/ardiarestaurante.com\/en\/wp-json\/wp\/v2\/pages\/1685","targetHints":{"allow":["GET"]}}],"collection":[{"href":"https:\/\/ardiarestaurante.com\/en\/wp-json\/wp\/v2\/pages"}],"about":[{"href":"https:\/\/ardiarestaurante.com\/en\/wp-json\/wp\/v2\/types\/page"}],"author":[{"embeddable":true,"href":"https:\/\/ardiarestaurante.com\/en\/wp-json\/wp\/v2\/users\/1"}],"replies":[{"embeddable":true,"href":"https:\/\/ardiarestaurante.com\/en\/wp-json\/wp\/v2\/comments?post=1685"}],"version-history":[{"count":5,"href":"https:\/\/ardiarestaurante.com\/en\/wp-json\/wp\/v2\/pages\/1685\/revisions"}],"predecessor-version":[{"id":1740,"href":"https:\/\/ardiarestaurante.com\/en\/wp-json\/wp\/v2\/pages\/1685\/revisions\/1740"}],"wp:attachment":[{"href":"https:\/\/ardiarestaurante.com\/en\/wp-json\/wp\/v2\/media?parent=1685"}],"curies":[{"name":"wp","href":"https:\/\/api.w.org\/{rel}","templated":true}]}}