{"id":1363,"date":"2025-12-10T16:06:14","date_gmt":"2025-12-10T16:06:14","guid":{"rendered":"https:\/\/ardiarestaurante.com\/espiritu\/"},"modified":"2026-01-27T09:07:27","modified_gmt":"2026-01-27T09:07:27","slug":"espiritu","status":"publish","type":"page","link":"https:\/\/ardiarestaurante.com\/en\/espiritu\/","title":{"rendered":"Espiritu"},"content":{"rendered":"\t\t<div data-elementor-type=\"wp-page\" data-elementor-id=\"1363\" class=\"elementor elementor-1363 elementor-889\" data-elementor-post-type=\"page\">\n\t\t\t\t<div class=\"elementor-element elementor-element-394cfe09 e-flex e-con-boxed e-con e-parent\" data-id=\"394cfe09\" data-element_type=\"container\">\n\t\t\t\t\t<div class=\"e-con-inner\">\n\t\t<div class=\"elementor-element elementor-element-ab212ab e-con-full e-flex e-con e-child\" data-id=\"ab212ab\" data-element_type=\"container\">\n\t\t\t\t<div class=\"elementor-element elementor-element-6112ebfc elementor-widget elementor-widget-heading\" data-id=\"6112ebfc\" data-element_type=\"widget\" data-widget_type=\"heading.default\">\n\t\t\t\t\t<h1 class=\"elementor-heading-title elementor-size-default\">\u00c2M-BAR<\/h1>\t\t\t\t<\/div>\n\t\t\t\t<\/div>\n\t\t<div class=\"elementor-element elementor-element-69c42e06 e-con-full e-flex e-con e-child\" data-id=\"69c42e06\" data-element_type=\"container\">\n\t\t\t\t<div class=\"elementor-element elementor-element-434308aa elementor-widget elementor-widget-text-editor\" data-id=\"434308aa\" data-element_type=\"widget\" data-widget_type=\"text-editor.default\">\n\t\t\t\t\t\t\t\t\t<p class=\"cvGsUA direction-ltr align-center para-style-body\"><span class=\"a_GcMg font-feature-liga-off font-feature-clig-off font-feature-calt-off text-decoration-none text-strikethrough-none\">Un viaje l\u00edquido por Espa\u00f1a, donde descubrir\u00e1s los sabores, los aromas <\/span><span class=\"a_GcMg font-feature-liga-off font-feature-clig-off font-feature-calt-off text-decoration-none text-strikethrough-none\">y las tradiciones que definen nuestra identidad. Cad<\/span><span class=\"a_GcMg font-feature-liga-off font-feature-clig-off font-feature-calt-off text-decoration-none text-strikethrough-none\">a c\u00f3ctel nace del respeto al origen <\/span><span class=\"a_GcMg font-feature-liga-off font-feature-clig-off font-feature-calt-off text-decoration-none text-strikethrough-none\">y del deseo de reinterpretar la diversidad de nuestras comunidades a trav\u00e9s <\/span><span class=\"a_GcMg font-feature-liga-off font-feature-clig-off font-feature-calt-off text-decoration-none text-strikethrough-none\">de la cocteler\u00eda. U<\/span><span class=\"a_GcMg font-feature-liga-off font-feature-clig-off font-feature-calt-off text-decoration-none text-strikethrough-none\">n homenaje a la autenticidad, <\/span><span class=\"a_GcMg font-feature-liga-off font-feature-clig-off font-feature-calt-off text-decoration-none text-strikethrough-none\">al producto y a la cultura gastron\u00f3mica espa\u00f1ol, servido en cada copa.<\/span><\/p><div> <\/div>\t\t\t\t\t\t\t\t<\/div>\n\t\t\t\t<\/div>\n\t\t\t\t\t<\/div>\n\t\t\t\t<\/div>\n\t\t<div class=\"elementor-element elementor-element-7f2457ee e-flex e-con-boxed e-con e-parent\" data-id=\"7f2457ee\" data-element_type=\"container\">\n\t\t\t\t\t<div class=\"e-con-inner\">\n\t\t\t\t<div class=\"elementor-element elementor-element-cbbafa8 elementor-widget elementor-widget-image\" data-id=\"cbbafa8\" data-element_type=\"widget\" data-widget_type=\"image.default\">\n\t\t\t\t\t\t\t\t\t\t\t\t\t\t\t<img fetchpriority=\"high\" decoding=\"async\" width=\"800\" height=\"192\" src=\"https:\/\/ardiarestaurante.com\/wp-content\/uploads\/2025\/12\/Rectangle-629-2-1024x246.png\" class=\"attachment-large size-large wp-image-1361\" alt=\"\" srcset=\"https:\/\/ardiarestaurante.com\/wp-content\/uploads\/2025\/12\/Rectangle-629-2-1024x246.png 1024w, https:\/\/ardiarestaurante.com\/wp-content\/uploads\/2025\/12\/Rectangle-629-2-300x72.png 300w, https:\/\/ardiarestaurante.com\/wp-content\/uploads\/2025\/12\/Rectangle-629-2-768x185.png 768w, https:\/\/ardiarestaurante.com\/wp-content\/uploads\/2025\/12\/Rectangle-629-2.png 1440w\" sizes=\"(max-width: 800px) 100vw, 800px\" \/>\t\t\t\t\t\t\t\t\t\t\t\t\t\t\t<\/div>\n\t\t\t\t\t<\/div>\n\t\t\t\t<\/div>\n\t\t<div class=\"elementor-element elementor-element-696178a7 e-flex e-con-boxed e-con e-parent\" data-id=\"696178a7\" data-element_type=\"container\" id=\"carta\">\n\t\t\t\t\t<div class=\"e-con-inner\">\n\t\t<div class=\"elementor-element elementor-element-2fc982ef e-con-full e-flex e-con e-child\" data-id=\"2fc982ef\" data-element_type=\"container\">\n\t\t\t\t<div class=\"elementor-element elementor-element-783eef0 elementor-widget elementor-widget-heading\" data-id=\"783eef0\" data-element_type=\"widget\" data-widget_type=\"heading.default\">\n\t\t\t\t\t<h2 class=\"elementor-heading-title elementor-size-default\"><a href=\"\/hambre#carta\">Hambre<\/a><\/h2>\t\t\t\t<\/div>\n\t\t\t\t<\/div>\n\t\t<div class=\"elementor-element elementor-element-4e8f7e26 e-con-full e-flex e-con e-child\" data-id=\"4e8f7e26\" data-element_type=\"container\">\n\t\t\t\t<div class=\"elementor-element elementor-element-1335824e elementor-widget elementor-widget-heading\" data-id=\"1335824e\" data-element_type=\"widget\" data-widget_type=\"heading.default\">\n\t\t\t\t\t<h2 class=\"elementor-heading-title elementor-size-default\"><u>Esp\u00edritu<\/u><\/h2>\t\t\t\t<\/div>\n\t\t\t\t<\/div>\n\t\t<div class=\"elementor-element elementor-element-26532df6 e-con-full e-flex e-con e-child\" data-id=\"26532df6\" data-element_type=\"container\">\n\t\t\t\t<div class=\"elementor-element elementor-element-52677371 elementor-widget elementor-widget-heading\" data-id=\"52677371\" data-element_type=\"widget\" data-widget_type=\"heading.default\">\n\t\t\t\t\t<h2 class=\"elementor-heading-title elementor-size-default\"><a href=\"https:\/\/ardiarestaurante.com\/sed\/#carta\">Sed<\/a><\/h2>\t\t\t\t<\/div>\n\t\t\t\t<\/div>\n\t\t\t\t\t<\/div>\n\t\t\t\t<\/div>\n\t\t<div class=\"elementor-element elementor-element-4a6491b7 e-flex e-con-boxed e-con e-parent\" data-id=\"4a6491b7\" data-element_type=\"container\">\n\t\t\t\t\t<div class=\"e-con-inner\">\n\t\t<div class=\"elementor-element elementor-element-4940a96a e-con-full e-flex e-con e-child\" data-id=\"4940a96a\" data-element_type=\"container\">\n\t\t<div class=\"elementor-element elementor-element-15c40b61 e-grid e-con-full e-con e-child\" data-id=\"15c40b61\" data-element_type=\"container\">\n\t\t<div class=\"elementor-element elementor-element-cbc6692 e-con-full e-flex e-con e-child\" data-id=\"cbc6692\" data-element_type=\"container\">\n\t\t\t\t<div class=\"elementor-element elementor-element-1dfb32b6 elementor-widget elementor-widget-text-editor\" data-id=\"1dfb32b6\" data-element_type=\"widget\" data-widget_type=\"text-editor.default\">\n\t\t\t\t\t\t\t\t\t<h5>YAYITO REAL<\/h5><p><span class=\"a_GcMg font-feature-liga-off font-feature-clig-off font-feature-calt-off text-decoration-none text-strikethrough-none\">Persistencia herbal y ci\u0301trica, con un toque sutil de fruta roja y amargor fino. Aperitivo puro. <\/span><\/p><p> <\/p><p>11<\/p>\t\t\t\t\t\t\t\t<\/div>\n\t\t\t\t<\/div>\n\t\t<div class=\"elementor-element elementor-element-5de2e23d e-con-full e-flex e-con e-child\" data-id=\"5de2e23d\" data-element_type=\"container\">\n\t\t\t\t<div class=\"elementor-element elementor-element-55817661 elementor-widget elementor-widget-text-editor\" data-id=\"55817661\" data-element_type=\"widget\" data-widget_type=\"text-editor.default\">\n\t\t\t\t\t\t\t\t\t<h5>NIEBLA ATL\u00c1NTICA<\/h5><p class=\"cvGsUA direction-ltr align-center para-style-body\"><span class=\"a_GcMg font-feature-liga-off font-feature-clig-off font-feature-calt-off text-decoration-none text-strikethrough-none\">Salino, c\u00edtrico y arom\u00e1tico. <\/span><span class=\"a_GcMg font-feature-liga-off font-feature-clig-off font-feature-calt-off text-decoration-none text-strikethrough-none\">Deja un recuerdo a brisa marina y fruta amarilla.<\/span><\/p><p> <\/p><p>15<\/p>\t\t\t\t\t\t\t\t<\/div>\n\t\t\t\t<\/div>\n\t\t<div class=\"elementor-element elementor-element-109ddfce e-con-full e-flex e-con e-child\" data-id=\"109ddfce\" data-element_type=\"container\">\n\t\t\t\t<div class=\"elementor-element elementor-element-9dc0fe0 elementor-widget elementor-widget-text-editor\" data-id=\"9dc0fe0\" data-element_type=\"widget\" data-widget_type=\"text-editor.default\">\n\t\t\t\t\t\t\t\t\t<h5>CAMPO DORADO<\/h5><p><span class=\"a_GcMg font-feature-liga-off font-feature-clig-off font-feature-calt-off text-decoration-none text-strikethrough-none\">Largo, especiado, ligeramente l\u00e1cteo y muy c\u00e1lido. Sensaci\u00f3n de cocina manchega moderna. <\/span><\/p><p> <\/p><p><span style=\"font-family: DM Sans, sans-serif;\"><span style=\"font-size: 16px;\">16<\/span><\/span><\/p>\t\t\t\t\t\t\t\t<\/div>\n\t\t\t\t<\/div>\n\t\t<div class=\"elementor-element elementor-element-6c1d7aaf e-con-full e-flex e-con e-child\" data-id=\"6c1d7aaf\" data-element_type=\"container\">\n\t\t\t\t<div class=\"elementor-element elementor-element-17e1e9c4 elementor-widget elementor-widget-text-editor\" data-id=\"17e1e9c4\" data-element_type=\"widget\" data-widget_type=\"text-editor.default\">\n\t\t\t\t\t\t\t\t\t<h5>ARROZ Y MAR<\/h5><p class=\"cvGsUA direction-ltr align-center para-style-body\"><span class=\"a_GcMg font-feature-liga-off font-feature-clig-off font-feature-calt-off text-decoration-none text-strikethrough-none\">Umami equilibrado, almendra, notas de costa y gamba <\/span><span class=\"a_GcMg font-feature-liga-off font-feature-clig-off font-feature-calt-off text-decoration-none text-strikethrough-none\">muy fina en retrogusto. <\/span><span class=\"a_GcMg font-feature-liga-off font-feature-clig-off font-feature-calt-off text-decoration-none text-strikethrough-none\">Original sin ser agresivo.<\/span><\/p><p> <\/p><p class=\"cvGsUA direction-ltr align-center para-style-body\">16<\/p>\t\t\t\t\t\t\t\t<\/div>\n\t\t\t\t<\/div>\n\t\t<div class=\"elementor-element elementor-element-569bfbbc e-con-full e-flex e-con e-child\" data-id=\"569bfbbc\" data-element_type=\"container\">\n\t\t\t\t<div class=\"elementor-element elementor-element-3283bd02 elementor-widget elementor-widget-text-editor\" data-id=\"3283bd02\" data-element_type=\"widget\" data-widget_type=\"text-editor.default\">\n\t\t\t\t\t\t\t\t\t<h5>LLUVIA Y MANZANA<\/h5><p class=\"cvGsUA direction-ltr align-center para-style-body\"><span class=\"a_GcMg font-feature-liga-off font-feature-clig-off font-feature-calt-off text-decoration-none text-strikethrough-none\">Manzana fresca + avellana tostada. Final amable <\/span><span class=\"a_GcMg font-feature-liga-off font-feature-clig-off font-feature-calt-off text-decoration-none text-strikethrough-none\">y largo. <\/span><span class=\"a_GcMg font-feature-liga-off font-feature-clig-off font-feature-calt-off text-decoration-none text-strikethrough-none\">En Asturias la sidra no solo se bebe, <\/span><span class=\"a_GcMg font-feature-liga-off font-feature-clig-off font-feature-calt-off text-decoration-none text-strikethrough-none\">se celebra.<\/span><\/p><p> <\/p><p>15<\/p>\t\t\t\t\t\t\t\t<\/div>\n\t\t\t\t<\/div>\n\t\t<div class=\"elementor-element elementor-element-b123a3e e-con-full e-flex e-con e-child\" data-id=\"b123a3e\" data-element_type=\"container\">\n\t\t\t\t<div class=\"elementor-element elementor-element-f22f3f5 elementor-widget elementor-widget-text-editor\" data-id=\"f22f3f5\" data-element_type=\"widget\" data-widget_type=\"text-editor.default\">\n\t\t\t\t\t\t\t\t\t<h5>FUEGO Y MOJO<\/h5><p><span class=\"a_GcMg font-feature-liga-off font-feature-clig-off font-feature-calt-off text-decoration-none text-strikethrough-none\">Herbal, ahumado suave, dulce natural del pl\u00e1tano. Persistencia larga y moderna. <\/span><\/p><p> <\/p><p>16<\/p>\t\t\t\t\t\t\t\t<\/div>\n\t\t\t\t<\/div>\n\t\t<div class=\"elementor-element elementor-element-2c03fee1 e-con-full e-flex e-con e-child\" data-id=\"2c03fee1\" data-element_type=\"container\">\n\t\t\t\t<div class=\"elementor-element elementor-element-56436aca elementor-widget elementor-widget-text-editor\" data-id=\"56436aca\" data-element_type=\"widget\" data-widget_type=\"text-editor.default\">\n\t\t\t\t\t\t\t\t\t<h5>AZAHAR Y TIERRA<\/h5><p><span class=\"a_GcMg font-feature-liga-off font-feature-clig-off font-feature-calt-off text-decoration-none text-strikethrough-none\">Flor de azahar, jerez, tomate claro y un toque dulce en retrogusto. Complejo y elegante. <\/span><\/p><p> <\/p><p>16<\/p>\t\t\t\t\t\t\t\t<\/div>\n\t\t\t\t<\/div>\n\t\t<div class=\"elementor-element elementor-element-73cf12f6 e-con-full e-flex e-con e-child\" data-id=\"73cf12f6\" data-element_type=\"container\">\n\t\t\t\t<\/div>\n\t\t<div class=\"elementor-element elementor-element-3384256f e-con-full e-flex e-con e-child\" data-id=\"3384256f\" data-element_type=\"container\">\n\t\t\t\t<\/div>\n\t\t\t\t<\/div>\n\t\t\t\t<\/div>\n\t\t<div class=\"elementor-element elementor-element-20f89478 e-con-full e-flex e-con e-child\" data-id=\"20f89478\" data-element_type=\"container\">\n\t\t\t\t<div class=\"elementor-element elementor-element-54fe9f82 elementor-widget elementor-widget-image\" data-id=\"54fe9f82\" data-element_type=\"widget\" data-widget_type=\"image.default\">\n\t\t\t\t\t\t\t\t\t\t\t\t\t\t\t<img decoding=\"async\" width=\"291\" height=\"320\" src=\"https:\/\/ardiarestaurante.com\/wp-content\/uploads\/2025\/12\/Rectangle-628-3.png\" class=\"attachment-large size-large wp-image-1362\" alt=\"\" srcset=\"https:\/\/ardiarestaurante.com\/wp-content\/uploads\/2025\/12\/Rectangle-628-3.png 291w, https:\/\/ardiarestaurante.com\/wp-content\/uploads\/2025\/12\/Rectangle-628-3-273x300.png 273w\" sizes=\"(max-width: 291px) 100vw, 291px\" \/>\t\t\t\t\t\t\t\t\t\t\t\t\t\t\t<\/div>\n\t\t\t\t<div class=\"elementor-element elementor-element-3c70a980 elementor-align-center elementor-widget elementor-widget-button\" data-id=\"3c70a980\" data-element_type=\"widget\" data-widget_type=\"button.default\">\n\t\t\t\t\t\t\t\t\t\t<a class=\"elementor-button elementor-button-link elementor-size-sm\" href=\"https:\/\/www.dropbox.com\/scl\/fi\/1o37h7sr4u1bbvf00rjzo\/M-BAR-BEBIDAS.pdf?rlkey=3hpw9wd4b05ynof0exwepdyv2&#038;st=20dspw9w&#038;raw=1\">\n\t\t\t\t\t\t<span class=\"elementor-button-content-wrapper\">\n\t\t\t\t\t\t\t\t\t<span class=\"elementor-button-text\">COCKTAIL MENU<\/span>\n\t\t\t\t\t<\/span>\n\t\t\t\t\t<\/a>\n\t\t\t\t\t\t\t\t<\/div>\n\t\t\t\t<\/div>\n\t\t\t\t\t<\/div>\n\t\t\t\t<\/div>\n\t\t<div class=\"elementor-element elementor-element-16afa8b9 e-flex e-con-boxed e-con e-parent\" data-id=\"16afa8b9\" data-element_type=\"container\">\n\t\t\t\t\t<div class=\"e-con-inner\">\n\t\t<div class=\"elementor-element elementor-element-32932e09 e-con-full e-flex e-con e-child\" data-id=\"32932e09\" data-element_type=\"container\">\n\t\t<div class=\"elementor-element elementor-element-49f9743a e-con-full e-flex e-con e-child\" data-id=\"49f9743a\" data-element_type=\"container\">\n\t\t\t\t<div class=\"elementor-element elementor-element-7239250a elementor-widget elementor-widget-heading\" data-id=\"7239250a\" data-element_type=\"widget\" data-widget_type=\"heading.default\">\n\t\t\t\t\t<h2 class=\"elementor-heading-title elementor-size-default\">Passion, served<\/h2>\t\t\t\t<\/div>\n\t\t\t\t<div class=\"elementor-element elementor-element-8b21749 elementor-widget elementor-widget-text-editor\" data-id=\"8b21749\" data-element_type=\"widget\" data-widget_type=\"text-editor.default\">\n\t\t\t\t\t\t\t\t\t<p>Spain isn\u2019t measured in degrees\u2014it\u2019s felt in the small gestures, the shared laughter, and the pride people pour into what they do.<\/p><p>At \u00c1rdia, we celebrate that spirit: the flavour that brings us together, the energy that spreads, and that spark that only really catches when it\u2019s shared.<\/p>\t\t\t\t\t\t\t\t<\/div>\n\t\t\t\t<\/div>\n\t\t<div class=\"elementor-element elementor-element-72f42c06 e-con-full e-flex e-con e-child\" data-id=\"72f42c06\" data-element_type=\"container\">\n\t\t\t\t<div class=\"elementor-element elementor-element-329d9ffb elementor-skin-carousel elementor-pagination-type-bullets elementor-pagination-position-outside elementor-widget elementor-widget-media-carousel\" data-id=\"329d9ffb\" data-element_type=\"widget\" data-settings=\"{&quot;slides_per_view&quot;:&quot;1&quot;,&quot;lazyload&quot;:&quot;yes&quot;,&quot;slides_per_view_tablet&quot;:&quot;1&quot;,&quot;skin&quot;:&quot;carousel&quot;,&quot;effect&quot;:&quot;slide&quot;,&quot;pagination&quot;:&quot;bullets&quot;,&quot;speed&quot;:500,&quot;loop&quot;:&quot;yes&quot;,&quot;space_between&quot;:{&quot;unit&quot;:&quot;px&quot;,&quot;size&quot;:10,&quot;sizes&quot;:[]},&quot;space_between_tablet&quot;:{&quot;unit&quot;:&quot;px&quot;,&quot;size&quot;:10,&quot;sizes&quot;:[]},&quot;space_between_mobile&quot;:{&quot;unit&quot;:&quot;px&quot;,&quot;size&quot;:10,&quot;sizes&quot;:[]}}\" data-widget_type=\"media-carousel.default\">\n\t\t\t\t\t\t\t\t\t\t<div class=\"elementor-main-swiper swiper\" role=\"region\" aria-roledescription=\"carousel\" aria-label=\"Slides\">\n\t\t\t\t<div class=\"swiper-wrapper\">\n\t\t\t\t\t\t\t\t\t\t\t<div class=\"swiper-slide\" role=\"group\" aria-roledescription=\"slide\">\n\t\t\t\t\t\t\t\t\t<div class=\"elementor-carousel-image swiper-lazy\" role=\"img\" aria-label=\"Rectangle 629\" data-background=\"https:\/\/ardiarestaurante.com\/wp-content\/uploads\/2025\/11\/Rectangle-629.png\">\n\n\t\t\t\t\t\t\t<div class=\"swiper-lazy-preloader\"><\/div>\n\t\t\t\n\t\t\t\t\t<\/div>\n\t\t\t\t\t\t\t\t<\/div>\n\t\t\t\t\t\t\t\t\t\t\t<div class=\"swiper-slide\" role=\"group\" aria-roledescription=\"slide\">\n\t\t\t\t\t\t\t\t\t<div class=\"elementor-carousel-image swiper-lazy\" role=\"img\" aria-label=\"Madrid\" data-background=\"https:\/\/ardiarestaurante.com\/wp-content\/uploads\/2025\/12\/Madrid-scaled.png\">\n\n\t\t\t\t\t\t\t<div class=\"swiper-lazy-preloader\"><\/div>\n\t\t\t\n\t\t\t\t\t<\/div>\n\t\t\t\t\t\t\t\t<\/div>\n\t\t\t\t\t\t\t\t\t\t\t<div class=\"swiper-slide\" role=\"group\" aria-roledescription=\"slide\">\n\t\t\t\t\t\t\t\t\t<div class=\"elementor-carousel-image swiper-lazy\" role=\"img\" aria-label=\"Madrid_2\" data-background=\"https:\/\/ardiarestaurante.com\/wp-content\/uploads\/2025\/12\/Madrid_2-scaled.png\">\n\n\t\t\t\t\t\t\t<div class=\"swiper-lazy-preloader\"><\/div>\n\t\t\t\n\t\t\t\t\t<\/div>\n\t\t\t\t\t\t\t\t<\/div>\n\t\t\t\t\t\t\t\t\t<\/div>\n\t\t\t\t\t\t\t\t\t\t\t\t\t\t\t\t\t\t\t\t<div class=\"swiper-pagination\"><\/div>\n\t\t\t\t\t\t\t\t\t\t\t\t<\/div>\n\t\t\t\t\t\t\t\t<\/div>\n\t\t\t\t<\/div>\n\t\t\t\t<\/div>\n\t\t\t\t\t<\/div>\n\t\t\t\t<\/div>\n\t\t\t\t<\/div>\n\t\t","protected":false},"excerpt":{"rendered":"<p>\u00c2M-BAR Un viaje l\u00edquido por Espa\u00f1a, donde descubrir\u00e1s los sabores, los aromas y las tradiciones que definen nuestra identidad. Cada c\u00f3ctel nace del respeto al origen y del deseo de reinterpretar la diversidad de nuestras comunidades a trav\u00e9s de la cocteler\u00eda. Un homenaje a la autenticidad, al producto y a la cultura gastron\u00f3mica espa\u00f1ol, servido [&hellip;]<\/p>\n","protected":false},"author":1,"featured_media":0,"parent":0,"menu_order":0,"comment_status":"closed","ping_status":"closed","template":"","meta":{"footnotes":""},"class_list":["post-1363","page","type-page","status-publish","hentry"],"_links":{"self":[{"href":"https:\/\/ardiarestaurante.com\/en\/wp-json\/wp\/v2\/pages\/1363","targetHints":{"allow":["GET"]}}],"collection":[{"href":"https:\/\/ardiarestaurante.com\/en\/wp-json\/wp\/v2\/pages"}],"about":[{"href":"https:\/\/ardiarestaurante.com\/en\/wp-json\/wp\/v2\/types\/page"}],"author":[{"embeddable":true,"href":"https:\/\/ardiarestaurante.com\/en\/wp-json\/wp\/v2\/users\/1"}],"replies":[{"embeddable":true,"href":"https:\/\/ardiarestaurante.com\/en\/wp-json\/wp\/v2\/comments?post=1363"}],"version-history":[{"count":1,"href":"https:\/\/ardiarestaurante.com\/en\/wp-json\/wp\/v2\/pages\/1363\/revisions"}],"predecessor-version":[{"id":1364,"href":"https:\/\/ardiarestaurante.com\/en\/wp-json\/wp\/v2\/pages\/1363\/revisions\/1364"}],"wp:attachment":[{"href":"https:\/\/ardiarestaurante.com\/en\/wp-json\/wp\/v2\/media?parent=1363"}],"curies":[{"name":"wp","href":"https:\/\/api.w.org\/{rel}","templated":true}]}}